{"id":5175,"date":"2017-01-21T13:42:08","date_gmt":"2017-01-21T12:42:08","guid":{"rendered":"http:\/\/www.centromedicocambrils.com\/horario-visitas\/"},"modified":"2022-01-26T08:20:39","modified_gmt":"2022-01-26T07:20:39","slug":"%d1%80%d0%b0%d1%81%d1%81%d0%bf%d0%b8%d1%81%d0%b0%d0%bd%d0%b8%d0%b5-%d0%b2%d0%b8%d0%b7%d0%b8%d1%82%d0%be%d0%b2","status":"publish","type":"page","link":"https:\/\/www.centromedicocambrils.com\/ru\/%d1%80%d0%b0%d1%81%d1%81%d0%bf%d0%b8%d1%81%d0%b0%d0%bd%d0%b8%d0%b5-%d0%b2%d0%b8%d0%b7%d0%b8%d1%82%d0%be%d0%b2\/","title":{"rendered":"\u0420\u0410\u0421\u0421\u041f\u0418\u0421\u0410\u041d\u0418\u0415 \u0412\u0418\u0417\u0418\u0422\u041e\u0412"},"content":{"rendered":"","protected":false},"excerpt":{"rendered":"","protected":false},"author":2,"featured_media":0,"parent":0,"menu_order":0,"comment_status":"closed","ping_status":"open","template":"","meta":{"footnotes":""},"yoast_head":"<!-- This site is optimized with the Yoast SEO plugin v21.0 - https:\/\/yoast.com\/wordpress\/plugins\/seo\/ -->\n<title>\u041c\u0415\u0414\u0418\u0426\u0418\u041d\u0421\u041a\u0418\u0419 \u0426\u0415\u041d\u0422\u0420 CAMBRILS - \u0414\u043e\u043a\u0442\u043e\u0440 Tom\u00e1s G\u00f3mez Sanz - \u0420\u0430\u0441\u0441\u043f\u0438\u0441\u0430\u043d\u0438\u0435 \u0432\u0438\u0437\u0438\u0442\u043e\u0432<\/title>\n<meta name=\"description\" content=\"\u041c\u0415\u0414\u0418\u0426\u0418\u041d\u0421\u041a\u0418\u0419 \u0426\u0415\u041d\u0422\u0420 (\u0447\u0430\u0441\u0442\u043d\u044b\u0439). \u0420\u0430\u0441\u0441\u043f\u0438\u0441\u0430\u043d\u0438\u0435 \u0432\u0438\u0437\u0438\u0442\u043e\u0432. \u0421\u043e\u0433\u043b\u0430\u0441\u043e\u0432\u0430\u043d\u043d\u044b\u0435 \u0447\u0430\u0441\u043e\u0432. \u0442\u0435\u0441\u0442 \u043d\u0430 Covid-19. \u041f\u043e\u0441\u0435\u0449\u0435\u043d\u0438\u0435 \u043d\u0430 \u0434\u043e\u043c\u0443. \u041e\u0431\u0449\u0430\u044f \u043c\u0435\u0434\u0438\u0446\u0438\u043d\u0430. \u0441\u0440\u043e\u0447\u043d\u0430\u044f-\u043f\u043e\u043c\u043e\u0449\u044c \u0434\u0435\u043d\u044c \u0438 \u043d\u043e\u0447\u044c.\" \/>\n<meta name=\"robots\" content=\"index, follow, max-snippet:-1, max-image-preview:large, max-video-preview:-1\" \/>\n<link rel=\"canonical\" href=\"https:\/\/www.centromedicocambrils.com\/ru\/%d1%80%d0%b0%d1%81%d1%81%d0%bf%d0%b8%d1%81%d0%b0%d0%bd%d0%b8%d0%b5-%d0%b2%d0%b8%d0%b7%d0%b8%d1%82%d0%be%d0%b2\/\" \/>\n<meta property=\"og:locale\" content=\"ru_RU\" \/>\n<meta property=\"og:type\" content=\"article\" \/>\n<meta property=\"og:title\" content=\"\u041c\u0415\u0414\u0418\u0426\u0418\u041d\u0421\u041a\u0418\u0419 \u0426\u0415\u041d\u0422\u0420 CAMBRILS - \u0414\u043e\u043a\u0442\u043e\u0440 Tom\u00e1s G\u00f3mez Sanz - \u0420\u0430\u0441\u0441\u043f\u0438\u0441\u0430\u043d\u0438\u0435 \u0432\u0438\u0437\u0438\u0442\u043e\u0432\" \/>\n<meta property=\"og:description\" content=\"\u041c\u0415\u0414\u0418\u0426\u0418\u041d\u0421\u041a\u0418\u0419 \u0426\u0415\u041d\u0422\u0420 (\u0447\u0430\u0441\u0442\u043d\u044b\u0439). \u0420\u0430\u0441\u0441\u043f\u0438\u0441\u0430\u043d\u0438\u0435 \u0432\u0438\u0437\u0438\u0442\u043e\u0432. \u0421\u043e\u0433\u043b\u0430\u0441\u043e\u0432\u0430\u043d\u043d\u044b\u0435 \u0447\u0430\u0441\u043e\u0432. \u0442\u0435\u0441\u0442 \u043d\u0430 Covid-19. \u041f\u043e\u0441\u0435\u0449\u0435\u043d\u0438\u0435 \u043d\u0430 \u0434\u043e\u043c\u0443. \u041e\u0431\u0449\u0430\u044f \u043c\u0435\u0434\u0438\u0446\u0438\u043d\u0430. \u0441\u0440\u043e\u0447\u043d\u0430\u044f-\u043f\u043e\u043c\u043e\u0449\u044c \u0434\u0435\u043d\u044c \u0438 \u043d\u043e\u0447\u044c.\" \/>\n<meta property=\"og:url\" content=\"https:\/\/www.centromedicocambrils.com\/ru\/%d1%80%d0%b0%d1%81%d1%81%d0%bf%d0%b8%d1%81%d0%b0%d0%bd%d0%b8%d0%b5-%d0%b2%d0%b8%d0%b7%d0%b8%d1%82%d0%be%d0%b2\/\" \/>\n<meta property=\"og:site_name\" content=\"Centro M\u00e9dico Cambrils\" \/>\n<meta property=\"article:modified_time\" content=\"2022-01-26T07:20:39+00:00\" \/>\n<meta name=\"twitter:card\" content=\"summary_large_image\" \/>\n<script type=\"application\/ld+json\" class=\"yoast-schema-graph\">{\"@context\":\"https:\/\/schema.org\",\"@graph\":[{\"@type\":\"WebPage\",\"@id\":\"https:\/\/www.centromedicocambrils.com\/ru\/%d1%80%d0%b0%d1%81%d1%81%d0%bf%d0%b8%d1%81%d0%b0%d0%bd%d0%b8%d0%b5-%d0%b2%d0%b8%d0%b7%d0%b8%d1%82%d0%be%d0%b2\/\",\"url\":\"https:\/\/www.centromedicocambrils.com\/ru\/%d1%80%d0%b0%d1%81%d1%81%d0%bf%d0%b8%d1%81%d0%b0%d0%bd%d0%b8%d0%b5-%d0%b2%d0%b8%d0%b7%d0%b8%d1%82%d0%be%d0%b2\/\",\"name\":\"\u041c\u0415\u0414\u0418\u0426\u0418\u041d\u0421\u041a\u0418\u0419 \u0426\u0415\u041d\u0422\u0420 CAMBRILS - \u0414\u043e\u043a\u0442\u043e\u0440 Tom\u00e1s G\u00f3mez Sanz - \u0420\u0430\u0441\u0441\u043f\u0438\u0441\u0430\u043d\u0438\u0435 \u0432\u0438\u0437\u0438\u0442\u043e\u0432\",\"isPartOf\":{\"@id\":\"https:\/\/www.centromedicocambrils.com\/ru\/#website\"},\"datePublished\":\"2017-01-21T12:42:08+00:00\",\"dateModified\":\"2022-01-26T07:20:39+00:00\",\"description\":\"\u041c\u0415\u0414\u0418\u0426\u0418\u041d\u0421\u041a\u0418\u0419 \u0426\u0415\u041d\u0422\u0420 (\u0447\u0430\u0441\u0442\u043d\u044b\u0439). \u0420\u0430\u0441\u0441\u043f\u0438\u0441\u0430\u043d\u0438\u0435 \u0432\u0438\u0437\u0438\u0442\u043e\u0432. \u0421\u043e\u0433\u043b\u0430\u0441\u043e\u0432\u0430\u043d\u043d\u044b\u0435 \u0447\u0430\u0441\u043e\u0432. \u0442\u0435\u0441\u0442 \u043d\u0430 Covid-19. \u041f\u043e\u0441\u0435\u0449\u0435\u043d\u0438\u0435 \u043d\u0430 \u0434\u043e\u043c\u0443. \u041e\u0431\u0449\u0430\u044f \u043c\u0435\u0434\u0438\u0446\u0438\u043d\u0430. \u0441\u0440\u043e\u0447\u043d\u0430\u044f-\u043f\u043e\u043c\u043e\u0449\u044c \u0434\u0435\u043d\u044c \u0438 \u043d\u043e\u0447\u044c.\",\"breadcrumb\":{\"@id\":\"https:\/\/www.centromedicocambrils.com\/ru\/%d1%80%d0%b0%d1%81%d1%81%d0%bf%d0%b8%d1%81%d0%b0%d0%bd%d0%b8%d0%b5-%d0%b2%d0%b8%d0%b7%d0%b8%d1%82%d0%be%d0%b2\/#breadcrumb\"},\"inLanguage\":\"ru-RU\",\"potentialAction\":[{\"@type\":\"ReadAction\",\"target\":[\"https:\/\/www.centromedicocambrils.com\/ru\/%d1%80%d0%b0%d1%81%d1%81%d0%bf%d0%b8%d1%81%d0%b0%d0%bd%d0%b8%d0%b5-%d0%b2%d0%b8%d0%b7%d0%b8%d1%82%d0%be%d0%b2\/\"]}]},{\"@type\":\"BreadcrumbList\",\"@id\":\"https:\/\/www.centromedicocambrils.com\/ru\/%d1%80%d0%b0%d1%81%d1%81%d0%bf%d0%b8%d1%81%d0%b0%d0%bd%d0%b8%d0%b5-%d0%b2%d0%b8%d0%b7%d0%b8%d1%82%d0%be%d0%b2\/#breadcrumb\",\"itemListElement\":[{\"@type\":\"ListItem\",\"position\":1,\"name\":\"\u0413\u043b\u0430\u0432\u043d\u0430\u044f \u0441\u0442\u0440\u0430\u043d\u0438\u0446\u0430\",\"item\":\"https:\/\/www.centromedicocambrils.com\/ru\/servicios\/\"},{\"@type\":\"ListItem\",\"position\":2,\"name\":\"\u0420\u0410\u0421\u0421\u041f\u0418\u0421\u0410\u041d\u0418\u0415 \u0412\u0418\u0417\u0418\u0422\u041e\u0412\"}]},{\"@type\":\"WebSite\",\"@id\":\"https:\/\/www.centromedicocambrils.com\/ru\/#website\",\"url\":\"https:\/\/www.centromedicocambrils.com\/ru\/\",\"name\":\"Centro M\u00e9dico Cambrils\",\"description\":\"Centro M\u00e9dico Cambrils. Urg\u00e9ncias.\",\"potentialAction\":[{\"@type\":\"SearchAction\",\"target\":{\"@type\":\"EntryPoint\",\"urlTemplate\":\"https:\/\/www.centromedicocambrils.com\/ru\/?s={search_term_string}\"},\"query-input\":\"required name=search_term_string\"}],\"inLanguage\":\"ru-RU\"}]}<\/script>\n<!-- \/ Yoast SEO plugin. -->","yoast_head_json":{"title":"\u041c\u0415\u0414\u0418\u0426\u0418\u041d\u0421\u041a\u0418\u0419 \u0426\u0415\u041d\u0422\u0420 CAMBRILS - \u0414\u043e\u043a\u0442\u043e\u0440 Tom\u00e1s G\u00f3mez Sanz - \u0420\u0430\u0441\u0441\u043f\u0438\u0441\u0430\u043d\u0438\u0435 \u0432\u0438\u0437\u0438\u0442\u043e\u0432","description":"\u041c\u0415\u0414\u0418\u0426\u0418\u041d\u0421\u041a\u0418\u0419 \u0426\u0415\u041d\u0422\u0420 (\u0447\u0430\u0441\u0442\u043d\u044b\u0439). \u0420\u0430\u0441\u0441\u043f\u0438\u0441\u0430\u043d\u0438\u0435 \u0432\u0438\u0437\u0438\u0442\u043e\u0432. \u0421\u043e\u0433\u043b\u0430\u0441\u043e\u0432\u0430\u043d\u043d\u044b\u0435 \u0447\u0430\u0441\u043e\u0432. \u0442\u0435\u0441\u0442 \u043d\u0430 Covid-19. \u041f\u043e\u0441\u0435\u0449\u0435\u043d\u0438\u0435 \u043d\u0430 \u0434\u043e\u043c\u0443. \u041e\u0431\u0449\u0430\u044f \u043c\u0435\u0434\u0438\u0446\u0438\u043d\u0430. \u0441\u0440\u043e\u0447\u043d\u0430\u044f-\u043f\u043e\u043c\u043e\u0449\u044c \u0434\u0435\u043d\u044c \u0438 \u043d\u043e\u0447\u044c.","robots":{"index":"index","follow":"follow","max-snippet":"max-snippet:-1","max-image-preview":"max-image-preview:large","max-video-preview":"max-video-preview:-1"},"canonical":"https:\/\/www.centromedicocambrils.com\/ru\/%d1%80%d0%b0%d1%81%d1%81%d0%bf%d0%b8%d1%81%d0%b0%d0%bd%d0%b8%d0%b5-%d0%b2%d0%b8%d0%b7%d0%b8%d1%82%d0%be%d0%b2\/","og_locale":"ru_RU","og_type":"article","og_title":"\u041c\u0415\u0414\u0418\u0426\u0418\u041d\u0421\u041a\u0418\u0419 \u0426\u0415\u041d\u0422\u0420 CAMBRILS - \u0414\u043e\u043a\u0442\u043e\u0440 Tom\u00e1s G\u00f3mez Sanz - \u0420\u0430\u0441\u0441\u043f\u0438\u0441\u0430\u043d\u0438\u0435 \u0432\u0438\u0437\u0438\u0442\u043e\u0432","og_description":"\u041c\u0415\u0414\u0418\u0426\u0418\u041d\u0421\u041a\u0418\u0419 \u0426\u0415\u041d\u0422\u0420 (\u0447\u0430\u0441\u0442\u043d\u044b\u0439). \u0420\u0430\u0441\u0441\u043f\u0438\u0441\u0430\u043d\u0438\u0435 \u0432\u0438\u0437\u0438\u0442\u043e\u0432. \u0421\u043e\u0433\u043b\u0430\u0441\u043e\u0432\u0430\u043d\u043d\u044b\u0435 \u0447\u0430\u0441\u043e\u0432. \u0442\u0435\u0441\u0442 \u043d\u0430 Covid-19. \u041f\u043e\u0441\u0435\u0449\u0435\u043d\u0438\u0435 \u043d\u0430 \u0434\u043e\u043c\u0443. \u041e\u0431\u0449\u0430\u044f \u043c\u0435\u0434\u0438\u0446\u0438\u043d\u0430. \u0441\u0440\u043e\u0447\u043d\u0430\u044f-\u043f\u043e\u043c\u043e\u0449\u044c \u0434\u0435\u043d\u044c \u0438 \u043d\u043e\u0447\u044c.","og_url":"https:\/\/www.centromedicocambrils.com\/ru\/%d1%80%d0%b0%d1%81%d1%81%d0%bf%d0%b8%d1%81%d0%b0%d0%bd%d0%b8%d0%b5-%d0%b2%d0%b8%d0%b7%d0%b8%d1%82%d0%be%d0%b2\/","og_site_name":"Centro M\u00e9dico Cambrils","article_modified_time":"2022-01-26T07:20:39+00:00","twitter_card":"summary_large_image","schema":{"@context":"https:\/\/schema.org","@graph":[{"@type":"WebPage","@id":"https:\/\/www.centromedicocambrils.com\/ru\/%d1%80%d0%b0%d1%81%d1%81%d0%bf%d0%b8%d1%81%d0%b0%d0%bd%d0%b8%d0%b5-%d0%b2%d0%b8%d0%b7%d0%b8%d1%82%d0%be%d0%b2\/","url":"https:\/\/www.centromedicocambrils.com\/ru\/%d1%80%d0%b0%d1%81%d1%81%d0%bf%d0%b8%d1%81%d0%b0%d0%bd%d0%b8%d0%b5-%d0%b2%d0%b8%d0%b7%d0%b8%d1%82%d0%be%d0%b2\/","name":"\u041c\u0415\u0414\u0418\u0426\u0418\u041d\u0421\u041a\u0418\u0419 \u0426\u0415\u041d\u0422\u0420 CAMBRILS - \u0414\u043e\u043a\u0442\u043e\u0440 Tom\u00e1s G\u00f3mez Sanz - \u0420\u0430\u0441\u0441\u043f\u0438\u0441\u0430\u043d\u0438\u0435 \u0432\u0438\u0437\u0438\u0442\u043e\u0432","isPartOf":{"@id":"https:\/\/www.centromedicocambrils.com\/ru\/#website"},"datePublished":"2017-01-21T12:42:08+00:00","dateModified":"2022-01-26T07:20:39+00:00","description":"\u041c\u0415\u0414\u0418\u0426\u0418\u041d\u0421\u041a\u0418\u0419 \u0426\u0415\u041d\u0422\u0420 (\u0447\u0430\u0441\u0442\u043d\u044b\u0439). \u0420\u0430\u0441\u0441\u043f\u0438\u0441\u0430\u043d\u0438\u0435 \u0432\u0438\u0437\u0438\u0442\u043e\u0432. \u0421\u043e\u0433\u043b\u0430\u0441\u043e\u0432\u0430\u043d\u043d\u044b\u0435 \u0447\u0430\u0441\u043e\u0432. \u0442\u0435\u0441\u0442 \u043d\u0430 Covid-19. \u041f\u043e\u0441\u0435\u0449\u0435\u043d\u0438\u0435 \u043d\u0430 \u0434\u043e\u043c\u0443. \u041e\u0431\u0449\u0430\u044f \u043c\u0435\u0434\u0438\u0446\u0438\u043d\u0430. \u0441\u0440\u043e\u0447\u043d\u0430\u044f-\u043f\u043e\u043c\u043e\u0449\u044c \u0434\u0435\u043d\u044c \u0438 \u043d\u043e\u0447\u044c.","breadcrumb":{"@id":"https:\/\/www.centromedicocambrils.com\/ru\/%d1%80%d0%b0%d1%81%d1%81%d0%bf%d0%b8%d1%81%d0%b0%d0%bd%d0%b8%d0%b5-%d0%b2%d0%b8%d0%b7%d0%b8%d1%82%d0%be%d0%b2\/#breadcrumb"},"inLanguage":"ru-RU","potentialAction":[{"@type":"ReadAction","target":["https:\/\/www.centromedicocambrils.com\/ru\/%d1%80%d0%b0%d1%81%d1%81%d0%bf%d0%b8%d1%81%d0%b0%d0%bd%d0%b8%d0%b5-%d0%b2%d0%b8%d0%b7%d0%b8%d1%82%d0%be%d0%b2\/"]}]},{"@type":"BreadcrumbList","@id":"https:\/\/www.centromedicocambrils.com\/ru\/%d1%80%d0%b0%d1%81%d1%81%d0%bf%d0%b8%d1%81%d0%b0%d0%bd%d0%b8%d0%b5-%d0%b2%d0%b8%d0%b7%d0%b8%d1%82%d0%be%d0%b2\/#breadcrumb","itemListElement":[{"@type":"ListItem","position":1,"name":"\u0413\u043b\u0430\u0432\u043d\u0430\u044f \u0441\u0442\u0440\u0430\u043d\u0438\u0446\u0430","item":"https:\/\/www.centromedicocambrils.com\/ru\/servicios\/"},{"@type":"ListItem","position":2,"name":"\u0420\u0410\u0421\u0421\u041f\u0418\u0421\u0410\u041d\u0418\u0415 \u0412\u0418\u0417\u0418\u0422\u041e\u0412"}]},{"@type":"WebSite","@id":"https:\/\/www.centromedicocambrils.com\/ru\/#website","url":"https:\/\/www.centromedicocambrils.com\/ru\/","name":"Centro M\u00e9dico Cambrils","description":"Centro M\u00e9dico Cambrils. Urg\u00e9ncias.","potentialAction":[{"@type":"SearchAction","target":{"@type":"EntryPoint","urlTemplate":"https:\/\/www.centromedicocambrils.com\/ru\/?s={search_term_string}"},"query-input":"required name=search_term_string"}],"inLanguage":"ru-RU"}]}},"_links":{"self":[{"href":"https:\/\/www.centromedicocambrils.com\/ru\/wp-json\/wp\/v2\/pages\/5175"}],"collection":[{"href":"https:\/\/www.centromedicocambrils.com\/ru\/wp-json\/wp\/v2\/pages"}],"about":[{"href":"https:\/\/www.centromedicocambrils.com\/ru\/wp-json\/wp\/v2\/types\/page"}],"author":[{"embeddable":true,"href":"https:\/\/www.centromedicocambrils.com\/ru\/wp-json\/wp\/v2\/users\/2"}],"replies":[{"embeddable":true,"href":"https:\/\/www.centromedicocambrils.com\/ru\/wp-json\/wp\/v2\/comments?post=5175"}],"version-history":[{"count":10,"href":"https:\/\/www.centromedicocambrils.com\/ru\/wp-json\/wp\/v2\/pages\/5175\/revisions"}],"predecessor-version":[{"id":6262,"href":"https:\/\/www.centromedicocambrils.com\/ru\/wp-json\/wp\/v2\/pages\/5175\/revisions\/6262"}],"wp:attachment":[{"href":"https:\/\/www.centromedicocambrils.com\/ru\/wp-json\/wp\/v2\/media?parent=5175"}],"curies":[{"name":"wp","href":"https:\/\/api.w.org\/{rel}","templated":true}]}}